{"id":715,"date":"2017-12-20T11:18:18","date_gmt":"2017-12-20T15:18:18","guid":{"rendered":"http:\/\/gobiernoparroquialdechican.gob.ec\/azuay\/?page_id=715"},"modified":"2019-03-28T19:00:35","modified_gmt":"2019-03-28T23:00:35","slug":"documentos-2018","status":"publish","type":"page","link":"https:\/\/gobiernoparroquialdechican.gob.ec\/azuay\/documentos-2018\/","title":{"rendered":"Documentos 2018"},"content":{"rendered":"<h2><strong>ENERO A DICIEMBRE:<\/strong><\/h2>\n<p><strong>A.<\/strong> Estructura org\u00e1nica funcional, base legal que la rige, regulaciones y procedimientos internos aplicables a la entidad; las metas y objetivos de las<br \/>\nunidades administrativas de conformidad con sus programas operativos;<\/p>\n<p><strong>A1.<\/strong> Estructura org\u00e1nica funcional<\/p>\n<p><a href=\"http:\/\/gobiernoparroquialdechican.gob.ec\/azuay\/wp-content\/uploads\/2017\/01\/Literal_a1-Organigrama_de_la_institucion.xls\">ORGANIGRAMA DE LA_INSTITUCI\u00d3N.<\/a><br \/>\n<strong>A2.<\/strong> Base legal que rige<\/p>\n<p><a href=\"http:\/\/gobiernoparroquialdechican.gob.ec\/azuay\/wp-content\/uploads\/2017\/01\/literal-a2-base-legal-que-rige-a-la-instituci\u00f3n.xls\">ASE LEGAL\u00a0 QUE RIGE A LA INSTITUCI\u00d3N.<\/a><br \/>\n<strong>A3.<\/strong> Regulaciones y procedimientos internos<\/p>\n<p><a href=\"http:\/\/gobiernoparroquialdechican.gob.ec\/azuay\/wp-content\/uploads\/2017\/01\/Literal_a3-Regulaciones_y_procedimientos_internos.xls\">REGULACIONES_Y_PROCEDIMIENTOS_INTERNOS<\/a><\/p>\n<p><a href=\"http:\/\/gobiernoparroquialdechican.gob.ec\/azuay\/wp-content\/uploads\/2017\/01\/img-180328162243.pdf\">REGLAMENTO DE SESIONES DEL GOBIERNO AUT\u00d3NOMO DESCENTRALIZADO PARROQUIAL DE CHIC\u00c1N.<\/a><\/p>\n<p><a href=\"http:\/\/gobiernoparroquialdechican.gob.ec\/azuay\/wp-content\/uploads\/2017\/01\/img-180328162112.pdf\">REGLAMNETO DE USO Y FUNCIONAMIENTO DEL TRACTOR AGR\u00cdCOLA ENTREGADO EN COMODATO POR PARTE DEL GOBIERNO PROVINCIAL DEL AZUAY AL GAD PARROQUIAL DE CHIC\u00c1N.<\/a><\/p>\n<p><a href=\"http:\/\/gobiernoparroquialdechican.gob.ec\/azuay\/wp-content\/uploads\/2017\/01\/REGLAMENTO-DE-SEGURIDAD.pdf\">NORMATIVA REGLAMENTARIA QUE REGULA LA CREACI\u00d3N Y FUNCIONAMIENTO DEL CONSEJO DE SEGURIDAD CIUDADANA DE LA PARROQUIA CHIC\u00c1N SEGURIDAD.<\/a><\/p>\n<p><a href=\"http:\/\/gobiernoparroquialdechican.gob.ec\/azuay\/wp-content\/uploads\/2016\/01\/reglamento-que-regula-la-participacion-ciudadana.pdf\">REGLAMENTO QUE REGULA EL SISTEMA DE PARTICIPACI\u00d3N CIUDADANA Y CONTROL SOCIAL.<\/a><\/p>\n<p><a href=\"http:\/\/gobiernoparroquialdechican.gob.ec\/azuay\/wp-content\/uploads\/2016\/01\/organico-funcional.pdf\">ORG\u00c1NICO FUNCIONAL DEL GOBIERNO PARROQUIAL DE CHIC\u00c1N.\u00a0<\/a><\/p>\n<p><strong>A4.<\/strong> Metas y objetivos de las unidades administrativas<\/p>\n<p><a href=\"http:\/\/gobiernoparroquialdechican.gob.ec\/azuay\/wp-content\/uploads\/2017\/01\/Literal_a4-Metas_y_objetivos_unidades_administrativas-1.xls\">METAS_Y_OBJETIVOS_UNIDADES_ADMINISTRATIVAS DE GAD DE CHIC\u00c1N.<\/a><br \/>\n<strong>B.<\/strong> El directorio completo de la instituci\u00f3n, as\u00ed como su distributivo de personal;<\/p>\n<p><strong>B1.<\/strong> Directorio completo de la instituci\u00f3n<\/p>\n<p><a href=\"http:\/\/gobiernoparroquialdechican.gob.ec\/azuay\/wp-content\/uploads\/2019\/03\/Literal_b1-Directorio_de_la_institucion.xls\">DIRECTORIO DE LA INSTITUCI\u00d3N.<\/a><br \/>\n<strong>B2.<\/strong> Distributivo de personal<\/p>\n<p><a href=\"http:\/\/gobiernoparroquialdechican.gob.ec\/azuay\/wp-content\/uploads\/2019\/03\/Literal_b2-Distributivo_del_personal.xls\">DISTRIBUTIVO DEL PERSONAL.<\/a><br \/>\n<strong>C.<\/strong> La remuneraci\u00f3n mensual por puesto y todo ingreso adicional, incluso el sistema de compensaci\u00f3n, seg\u00fan lo establezcan las disposiciones correspondientes;<\/p>\n<p><a href=\"http:\/\/gobiernoparroquialdechican.gob.ec\/azuay\/wp-content\/uploads\/2019\/03\/Literal_c-Remuneracion_mensual_por_puesto.xls\">REMUNERACI\u00d3N MENSUAL POR PUESTO.\u00a0<\/a><br \/>\n<strong>D.<\/strong> Los servicios que ofrece y las formas de acceder a ellos, horarios de atenci\u00f3n y dem\u00e1s indicaciones necesarias, para que la ciudadan\u00eda pueda ejercer sus derechos y cumplir sus obligaciones;<\/p>\n<p><a href=\"http:\/\/gobiernoparroquialdechican.gob.ec\/azuay\/wp-content\/uploads\/2019\/03\/Literal_d-Servicios_que_ofrece_y_las_formas_de_acceder_a_ellos.xls\">SERVICIOS_QUE_OFRECE_Y_LAS_FORMAS_DE_ACCEDER_A_ELLOS.<\/a><\/p>\n<p><strong>E.<\/strong> Texto \u00edntegro de todos los contratos colectivos vigentes en la instituci\u00f3n, as\u00ed como sus anexos y reformas;<\/p>\n<p><a href=\"http:\/\/gobiernoparroquialdechican.gob.ec\/azuay\/wp-content\/uploads\/2019\/03\/Literal_e-Texto_integro_de_contratos_colectivos_vigentes-1.xls\">TEXTO_INTEGRO_DE_CONTRATOS_COLECTIVOS_VIGENTES<\/a><\/p>\n<p><strong>F.<\/strong> Se publicar\u00e1n los formularios o formatos de solicitudes que se requieran para los tr\u00e1mites inherentes a su campo de acci\u00f3n;<strong>F1.<\/strong> Formularios o formatos de solicitudes<br \/>\n<strong>F2.<\/strong> Formato para solicitudes de acceso a la informaci\u00f3n p\u00fablica<\/p>\n<p><a href=\"http:\/\/gobiernoparroquialdechican.gob.ec\/azuay\/wp-content\/uploads\/2017\/01\/Literal_f1-Formularios_o_formatos_de_solicitudes.xls\">FORMULARIOS_O_FORMATOS_DE_SOLICITUDES:<\/a><\/p>\n<p><a href=\"http:\/\/gobiernoparroquialdechican.gob.ec\/azuay\/wp-content\/uploads\/2017\/01\/Solicitud-de-arrendamineto-de-b\u00e9veda.pdf\">SOLICITUD-DE-ARRENDAMIENTO-DE-B\u00d3VEDA.<\/a><\/p>\n<p><a href=\"http:\/\/gobiernoparroquialdechican.gob.ec\/azuay\/wp-content\/uploads\/2017\/01\/Solicitud-de-arrendamineto-de-nicho.pdf\">SOLICITUD-DE-ARRENDAMIENTO-DE-NICHO<\/a>.<\/p>\n<p><strong>G.<\/strong> Informaci\u00f3n total sobre el presupuesto anual que administra la instituci\u00f3n, especificando ingresos, gastos, financiamiento y resultados operativos de conformidad con los clasificadores presupuestales, as\u00ed como liquidaci\u00f3n del presupuesto, especificando destinatarios de la entrega de recursos p\u00fablicos;<\/p>\n<p><a href=\"http:\/\/gobiernoparroquialdechican.gob.ec\/azuay\/wp-content\/uploads\/2019\/03\/Literal_g-Presupuesto_de_la_institucion-1-a\u00f1o-2018.xls\">PRESUPUESTO DE LA INSTITUCI\u00d3N DEL A\u00d1O -2018.<\/a><\/p>\n<p><strong>H.<\/strong> Los resultados de las auditor\u00edas internas y gubernamentales al ejercicio presupuestal;<\/p>\n<p><a href=\"http:\/\/gobiernoparroquialdechican.gob.ec\/azuay\/wp-content\/uploads\/2019\/03\/Literal_h-Resultados_de_auditorias_internas_y_gubernamentales.xls\">RESULTADOS_DE_AUDITORIAS_INTERNAS_Y_GUBERNAMENTALES<\/a><\/p>\n<p><strong>I.<\/strong> Informaci\u00f3n completa y detallada sobre los procesos precontractuales, contractuales, de adjudicaci\u00f3n y liquidaci\u00f3n, de las contrataciones de obras, adquisici\u00f3n de bienes, prestaci\u00f3n de servicios, arrendamientos mercantiles, etc., celebrados por la instituci\u00f3n con personas naturales o jur\u00eddicas, incluidos concesiones, permisos o autorizaciones;<\/p>\n<p><a href=\"http:\/\/gobiernoparroquialdechican.gob.ec\/azuay\/wp-content\/uploads\/2019\/03\/Literal_i-Procesos_de_contrataciones.xls\">PROCESOS DE CONTRATACIONES.<\/a><br \/>\n<strong>J.<\/strong> Un listado de las empresas y personas que han incumplido contratos con dicha instituci\u00f3n;<\/p>\n<p><a href=\"http:\/\/gobiernoparroquialdechican.gob.ec\/azuay\/wp-content\/uploads\/2019\/03\/Literal_j-Empresas_y_personas_que_han_incumplido_contratos.xls\">EMPRESAS_Y_PERSONAS_QUE_HAN_INCUMPLIDO_CONTRATOS.<\/a><br \/>\n<strong>K.<\/strong> Planes y programas de la instituci\u00f3n en ejecuci\u00f3n;<\/p>\n<p><a href=\"http:\/\/gobiernoparroquialdechican.gob.ec\/azuay\/wp-content\/uploads\/2019\/03\/Literal_k-Planes_y_programas_en_ejecucion.xls\">PLANES_Y_PROGRAMAS_EN_EJECUCI\u00d3N<\/a><a href=\"http:\/\/gobiernoparroquialdechican.gob.ec\/azuay\/wp-content\/uploads\/2019\/03\/Literal_k-Planes_y_programas_en_ejecucion.xls\">.<\/a><br \/>\n<strong>L.<\/strong> El detalle de los contratos de cr\u00e9dito externos o internos; se se\u00f1alar\u00e1 la fuente de los fondos con los que se pagar\u00e1n esos cr\u00e9ditos. Cuando se trate de pr\u00e9stamos o contratos de financiamiento, se har\u00e1 constar, como lo prev\u00e9 la Ley Org\u00e1nica de Administraci\u00f3n Financiera y Control, Ley Org\u00e1nica de la Contralor\u00eda General del Estado y la Ley Org\u00e1nica de Responsabilidad y Transparencia Fiscal, las operaciones y contratos de cr\u00e9dito, los montos, plazo, costos financieros o tipos de inter\u00e9s;<\/p>\n<p><a href=\"http:\/\/gobiernoparroquialdechican.gob.ec\/azuay\/wp-content\/uploads\/2019\/03\/Literal_l-Contratos_de_credito_externos_o_internos.xls\">CONTRATOS_DE_CREDITOS_EXTERNOS_O_INTERNOS<\/a><\/p>\n<p><strong>M.<\/strong> Mecanismos de rendici\u00f3n de cuentas a la ciudadan\u00eda, tales como metas e informes de gesti\u00f3n e indicadores de desempe\u00f1o;<br \/>\n<strong>N.<\/strong> Los vi\u00e1ticos, informes de trabajo y justificativos de movilizaci\u00f3n nacional o internacional de las autoridades, dignatarios y funcionarios p\u00fablicos;<br \/>\n<strong>O.<\/strong> El nombre, direcci\u00f3n de la oficina, apartado postal y direcci\u00f3n electr\u00f3nica del responsable de atender la informaci\u00f3n p\u00fablica de que trata esta Ley;<br \/>\n<strong>P.<\/strong> La Funci\u00f3n Judicial y el Tribunal Constitucional, adicionalmente, publicar\u00e1n el texto \u00edntegro de las sentencias ejecutoriadas, producidas en todas sus jurisdicciones;<br \/>\n<strong>Q.<\/strong> Los organismos de control del Estado, adicionalmente, publicar\u00e1n el texto \u00edntegro de las resoluciones ejecutoriadas, as\u00ed como sus informes, producidos en todas sus jurisdicciones;<br \/>\n<strong>S.<\/strong> Los organismos seccionales, informar\u00e1n oportunamente a la ciudadan\u00eda de las resoluciones que adoptaren, mediante la publicaci\u00f3n de las actas de las respectivas sesiones de estos cuerpos colegiados, as\u00ed como sus planes de desarrollo local;<br \/>\n[\/vc_wp_text][\/vc_accordion_tab][\/vc_accordion][vc_column_text][\/vc_column_text][\/vc_column][\/vc_row]\n","protected":false},"excerpt":{"rendered":"<p>ENERO A DICIEMBRE: A. Estructura org\u00e1nica funcional, base legal que la rige, regulaciones y procedimientos internos aplicables a la entidad; las metas y objetivos de las unidades administrativas de conformidad con sus programas operativos; A1. Estructura org\u00e1nica funcional ORGANIGRAMA DE LA_INSTITUCI\u00d3N. A2. Base legal que rige ASE LEGAL\u00a0 QUE RIGE A LA INSTITUCI\u00d3N. A3. Regulaciones [&hellip;]<\/p>\n","protected":false},"author":8,"featured_media":0,"parent":0,"menu_order":0,"comment_status":"closed","ping_status":"closed","template":"","meta":{"footnotes":""},"class_list":["post-715","page","type-page","status-publish","hentry"],"yoast_head":"<!-- This site is optimized with the Yoast SEO plugin v26.9 - https:\/\/yoast.com\/product\/yoast-seo-wordpress\/ -->\n<title>Documentos 2018 - GAD parroquial Chic\u00e1n<\/title>\n<meta name=\"robots\" content=\"index, follow, max-snippet:-1, max-image-preview:large, max-video-preview:-1\" \/>\n<link rel=\"canonical\" href=\"https:\/\/gobiernoparroquialdechican.gob.ec\/azuay\/documentos-2018\/\" \/>\n<meta property=\"og:locale\" content=\"es_ES\" \/>\n<meta property=\"og:type\" content=\"article\" \/>\n<meta property=\"og:title\" content=\"Documentos 2018 - GAD parroquial Chic\u00e1n\" \/>\n<meta property=\"og:description\" content=\"ENERO A DICIEMBRE: A. Estructura org\u00e1nica funcional, base legal que la rige, regulaciones y procedimientos internos aplicables a la entidad; las metas y objetivos de las unidades administrativas de conformidad con sus programas operativos; A1. Estructura org\u00e1nica funcional ORGANIGRAMA DE LA_INSTITUCI\u00d3N. A2. Base legal que rige ASE LEGAL\u00a0 QUE RIGE A LA INSTITUCI\u00d3N. A3. Regulaciones [&hellip;]\" \/>\n<meta property=\"og:url\" content=\"https:\/\/gobiernoparroquialdechican.gob.ec\/azuay\/documentos-2018\/\" \/>\n<meta property=\"og:site_name\" content=\"GAD parroquial Chic\u00e1n\" \/>\n<meta property=\"article:modified_time\" content=\"2019-03-28T23:00:35+00:00\" \/>\n<meta name=\"twitter:card\" content=\"summary_large_image\" \/>\n<meta name=\"twitter:label1\" content=\"Tiempo de lectura\" \/>\n\t<meta name=\"twitter:data1\" content=\"4 minutos\" \/>\n<script type=\"application\/ld+json\" class=\"yoast-schema-graph\">{\"@context\":\"https:\/\/schema.org\",\"@graph\":[{\"@type\":\"WebPage\",\"@id\":\"https:\/\/gobiernoparroquialdechican.gob.ec\/azuay\/documentos-2018\/\",\"url\":\"https:\/\/gobiernoparroquialdechican.gob.ec\/azuay\/documentos-2018\/\",\"name\":\"Documentos 2018 - GAD parroquial Chic\u00e1n\",\"isPartOf\":{\"@id\":\"https:\/\/gobiernoparroquialdechican.gob.ec\/azuay\/#website\"},\"datePublished\":\"2017-12-20T15:18:18+00:00\",\"dateModified\":\"2019-03-28T23:00:35+00:00\",\"breadcrumb\":{\"@id\":\"https:\/\/gobiernoparroquialdechican.gob.ec\/azuay\/documentos-2018\/#breadcrumb\"},\"inLanguage\":\"es\",\"potentialAction\":[{\"@type\":\"ReadAction\",\"target\":[\"https:\/\/gobiernoparroquialdechican.gob.ec\/azuay\/documentos-2018\/\"]}]},{\"@type\":\"BreadcrumbList\",\"@id\":\"https:\/\/gobiernoparroquialdechican.gob.ec\/azuay\/documentos-2018\/#breadcrumb\",\"itemListElement\":[{\"@type\":\"ListItem\",\"position\":1,\"name\":\"Home\",\"item\":\"https:\/\/gobiernoparroquialdechican.gob.ec\/azuay\/\"},{\"@type\":\"ListItem\",\"position\":2,\"name\":\"Documentos 2018\"}]},{\"@type\":\"WebSite\",\"@id\":\"https:\/\/gobiernoparroquialdechican.gob.ec\/azuay\/#website\",\"url\":\"https:\/\/gobiernoparroquialdechican.gob.ec\/azuay\/\",\"name\":\"GAD parroquial Chic\u00e1n\",\"description\":\"Sitio Oficial del GAD Parroquial Chic\u00e1n Azuay\",\"potentialAction\":[{\"@type\":\"SearchAction\",\"target\":{\"@type\":\"EntryPoint\",\"urlTemplate\":\"https:\/\/gobiernoparroquialdechican.gob.ec\/azuay\/?s={search_term_string}\"},\"query-input\":{\"@type\":\"PropertyValueSpecification\",\"valueRequired\":true,\"valueName\":\"search_term_string\"}}],\"inLanguage\":\"es\"}]}<\/script>\n<!-- \/ Yoast SEO plugin. -->","yoast_head_json":{"title":"Documentos 2018 - GAD parroquial Chic\u00e1n","robots":{"index":"index","follow":"follow","max-snippet":"max-snippet:-1","max-image-preview":"max-image-preview:large","max-video-preview":"max-video-preview:-1"},"canonical":"https:\/\/gobiernoparroquialdechican.gob.ec\/azuay\/documentos-2018\/","og_locale":"es_ES","og_type":"article","og_title":"Documentos 2018 - GAD parroquial Chic\u00e1n","og_description":"ENERO A DICIEMBRE: A. Estructura org\u00e1nica funcional, base legal que la rige, regulaciones y procedimientos internos aplicables a la entidad; las metas y objetivos de las unidades administrativas de conformidad con sus programas operativos; A1. Estructura org\u00e1nica funcional ORGANIGRAMA DE LA_INSTITUCI\u00d3N. A2. Base legal que rige ASE LEGAL\u00a0 QUE RIGE A LA INSTITUCI\u00d3N. A3. Regulaciones [&hellip;]","og_url":"https:\/\/gobiernoparroquialdechican.gob.ec\/azuay\/documentos-2018\/","og_site_name":"GAD parroquial Chic\u00e1n","article_modified_time":"2019-03-28T23:00:35+00:00","twitter_card":"summary_large_image","twitter_misc":{"Tiempo de lectura":"4 minutos"},"schema":{"@context":"https:\/\/schema.org","@graph":[{"@type":"WebPage","@id":"https:\/\/gobiernoparroquialdechican.gob.ec\/azuay\/documentos-2018\/","url":"https:\/\/gobiernoparroquialdechican.gob.ec\/azuay\/documentos-2018\/","name":"Documentos 2018 - GAD parroquial Chic\u00e1n","isPartOf":{"@id":"https:\/\/gobiernoparroquialdechican.gob.ec\/azuay\/#website"},"datePublished":"2017-12-20T15:18:18+00:00","dateModified":"2019-03-28T23:00:35+00:00","breadcrumb":{"@id":"https:\/\/gobiernoparroquialdechican.gob.ec\/azuay\/documentos-2018\/#breadcrumb"},"inLanguage":"es","potentialAction":[{"@type":"ReadAction","target":["https:\/\/gobiernoparroquialdechican.gob.ec\/azuay\/documentos-2018\/"]}]},{"@type":"BreadcrumbList","@id":"https:\/\/gobiernoparroquialdechican.gob.ec\/azuay\/documentos-2018\/#breadcrumb","itemListElement":[{"@type":"ListItem","position":1,"name":"Home","item":"https:\/\/gobiernoparroquialdechican.gob.ec\/azuay\/"},{"@type":"ListItem","position":2,"name":"Documentos 2018"}]},{"@type":"WebSite","@id":"https:\/\/gobiernoparroquialdechican.gob.ec\/azuay\/#website","url":"https:\/\/gobiernoparroquialdechican.gob.ec\/azuay\/","name":"GAD parroquial Chic\u00e1n","description":"Sitio Oficial del GAD Parroquial Chic\u00e1n Azuay","potentialAction":[{"@type":"SearchAction","target":{"@type":"EntryPoint","urlTemplate":"https:\/\/gobiernoparroquialdechican.gob.ec\/azuay\/?s={search_term_string}"},"query-input":{"@type":"PropertyValueSpecification","valueRequired":true,"valueName":"search_term_string"}}],"inLanguage":"es"}]}},"_links":{"self":[{"href":"https:\/\/gobiernoparroquialdechican.gob.ec\/azuay\/wp-json\/wp\/v2\/pages\/715","targetHints":{"allow":["GET"]}}],"collection":[{"href":"https:\/\/gobiernoparroquialdechican.gob.ec\/azuay\/wp-json\/wp\/v2\/pages"}],"about":[{"href":"https:\/\/gobiernoparroquialdechican.gob.ec\/azuay\/wp-json\/wp\/v2\/types\/page"}],"author":[{"embeddable":true,"href":"https:\/\/gobiernoparroquialdechican.gob.ec\/azuay\/wp-json\/wp\/v2\/users\/8"}],"replies":[{"embeddable":true,"href":"https:\/\/gobiernoparroquialdechican.gob.ec\/azuay\/wp-json\/wp\/v2\/comments?post=715"}],"version-history":[{"count":9,"href":"https:\/\/gobiernoparroquialdechican.gob.ec\/azuay\/wp-json\/wp\/v2\/pages\/715\/revisions"}],"predecessor-version":[{"id":872,"href":"https:\/\/gobiernoparroquialdechican.gob.ec\/azuay\/wp-json\/wp\/v2\/pages\/715\/revisions\/872"}],"wp:attachment":[{"href":"https:\/\/gobiernoparroquialdechican.gob.ec\/azuay\/wp-json\/wp\/v2\/media?parent=715"}],"curies":[{"name":"wp","href":"https:\/\/api.w.org\/{rel}","templated":true}]}}