{"id":23,"date":"2014-10-24T02:12:28","date_gmt":"2014-10-24T02:12:28","guid":{"rendered":"http:\/\/gobiernoparroquialdechican.gob.ec\/azuay\/?page_id=23"},"modified":"2023-04-17T12:42:34","modified_gmt":"2023-04-17T16:42:34","slug":"contactenos","status":"publish","type":"page","link":"https:\/\/gobiernoparroquialdechican.gob.ec\/azuay\/contactenos\/","title":{"rendered":"Cont\u00e1ctenos"},"content":{"rendered":"<div  class=\"lgc-column lgc-grid-parent lgc-grid-50 lgc-tablet-grid-50 lgc-mobile-grid-100 lgc-equal-heights \"><div  class=\"inside-grid-column\">\n<div class=\"wpcf7 no-js\" id=\"wpcf7-f708-o1\" lang=\"es-ES\" dir=\"ltr\" data-wpcf7-id=\"708\">\n<div class=\"screen-reader-response\"><p role=\"status\" aria-live=\"polite\" aria-atomic=\"true\"><\/p> <ul><\/ul><\/div>\n<form action=\"\/azuay\/wp-json\/wp\/v2\/pages\/23#wpcf7-f708-o1\" method=\"post\" class=\"wpcf7-form init\" aria-label=\"Formulario de contacto\" novalidate=\"novalidate\" data-status=\"init\">\n<fieldset class=\"hidden-fields-container\"><input type=\"hidden\" name=\"_wpcf7\" value=\"708\" \/><input type=\"hidden\" name=\"_wpcf7_version\" value=\"6.1.5\" \/><input type=\"hidden\" name=\"_wpcf7_locale\" value=\"es_ES\" \/><input type=\"hidden\" name=\"_wpcf7_unit_tag\" value=\"wpcf7-f708-o1\" \/><input type=\"hidden\" name=\"_wpcf7_container_post\" value=\"0\" \/><input type=\"hidden\" name=\"_wpcf7_posted_data_hash\" value=\"\" \/><input type=\"hidden\" name=\"_wpcf7_recaptcha_response\" value=\"\" \/>\n<\/fieldset>\n<p><label> Nombre (requerido)<br \/>\n<span class=\"wpcf7-form-control-wrap\" data-name=\"your-name\"><input size=\"40\" maxlength=\"400\" class=\"wpcf7-form-control wpcf7-text wpcf7-validates-as-required\" aria-required=\"true\" aria-invalid=\"false\" value=\"\" type=\"text\" name=\"your-name\" \/><\/span> <\/label>\n<\/p>\n<p><label> Tu correo electr\u00f3nico (requerido)<br \/>\n<span class=\"wpcf7-form-control-wrap\" data-name=\"your-email\"><input size=\"40\" maxlength=\"400\" class=\"wpcf7-form-control wpcf7-email wpcf7-validates-as-required wpcf7-text wpcf7-validates-as-email\" aria-required=\"true\" aria-invalid=\"false\" value=\"\" type=\"email\" name=\"your-email\" \/><\/span> <\/label>\n<\/p>\n<p><label> Asunto<br \/>\n<span class=\"wpcf7-form-control-wrap\" data-name=\"your-subject\"><input size=\"40\" maxlength=\"400\" class=\"wpcf7-form-control wpcf7-text\" aria-invalid=\"false\" value=\"\" type=\"text\" name=\"your-subject\" \/><\/span> <\/label>\n<\/p>\n<p><label> Mensaje<br \/>\n<span class=\"wpcf7-form-control-wrap\" data-name=\"your-message\"><textarea cols=\"40\" rows=\"10\" maxlength=\"2000\" class=\"wpcf7-form-control wpcf7-textarea\" aria-invalid=\"false\" name=\"your-message\"><\/textarea><\/span> <\/label><br \/>\n<span class=\"wpcf7-form-control-wrap recaptcha\" data-name=\"recaptcha\"><span data-sitekey=\"6LcJZLQZAAAAAKsVRh19-VxFCxC0Qj4AscDy4iCn\" class=\"wpcf7-form-control wpcf7-recaptcha g-recaptcha\"><\/span>\r\n<noscript>\r\n\t<div class=\"grecaptcha-noscript\">\r\n\t\t<iframe src=\"https:\/\/www.google.com\/recaptcha\/api\/fallback?k=6LcJZLQZAAAAAKsVRh19-VxFCxC0Qj4AscDy4iCn\" frameborder=\"0\" scrolling=\"no\" width=\"310\" height=\"430\">\r\n\t\t<\/iframe>\r\n\t\t<textarea name=\"g-recaptcha-response\" rows=\"3\" cols=\"40\" placeholder=\"Aqu\u00ed la respuesta de reCAPTCHA\">\r\n\t\t<\/textarea>\r\n\t<\/div>\r\n<\/noscript>\r\n<\/span>\n<\/p>\n<p><input class=\"wpcf7-form-control wpcf7-submit has-spinner\" type=\"submit\" value=\"Enviar\" \/>\n<\/p><div class=\"wpcf7-response-output\" aria-hidden=\"true\"><\/div>\n<\/form>\n<\/div>\n<\/div><\/div>\n<div  class=\"lgc-column lgc-grid-parent lgc-grid-50 lgc-tablet-grid-50 lgc-mobile-grid-100 lgc-equal-heights \"><div  class=\"inside-grid-column\">\n<p><img decoding=\"async\" class=\"alignnone size-full wp-image-1001 aligncenter\" src=\"https:\/\/gobiernoparroquialdechican.gob.ec\/azuay\/wp-content\/uploads\/2020\/06\/logoFooter-Recuperado.png\" alt=\"\" width=\"200\" height=\"150\" data-id=\"1001\" \/><\/p>\n<p style=\"text-align: center;\"><strong>Gobierno Aut\u00f3nomo Descentralizado Parroquial de &#8220;Chic\u00e1n&#8221;<\/strong><\/p>\n<p style=\"text-align: center;\"><strong>Direcci\u00f3n: <\/strong>Plaza Central<\/p>\n<p style=\"text-align: center;\"><strong>Telf.: <\/strong>2125002<\/p>\n<p style=\"text-align: center;\"><strong>E-mail: <\/strong>info@gobiernoparroquialdechican.gob.ec<\/p>\n<p style=\"text-align: center;\"><strong>Paute &#8211; Azuay &#8211; Ecuador<\/strong><\/p>\n<\/div><\/div>\n<p><img fetchpriority=\"high\" decoding=\"async\" class=\"aligncenter size-full wp-image-546\" src=\"http:\/\/gobiernoparroquialdechican.gob.ec\/azuay\/wp-content\/uploads\/2017\/03\/LOGO-DEL-GAD-DE-CHIC\u00c1N.jpg\" alt=\"\" width=\"216\" height=\"240\" data-id=\"546\" \/><\/p>\n<p>&nbsp;<\/p>\n","protected":false},"excerpt":{"rendered":"<p>&nbsp;<\/p>\n","protected":false},"author":8,"featured_media":0,"parent":0,"menu_order":0,"comment_status":"closed","ping_status":"open","template":"","meta":{"footnotes":""},"class_list":["post-23","page","type-page","status-publish","hentry"],"yoast_head":"<!-- This site is optimized with the Yoast SEO plugin v26.9 - https:\/\/yoast.com\/product\/yoast-seo-wordpress\/ -->\n<title>Cont\u00e1ctenos - GAD parroquial Chic\u00e1n<\/title>\n<meta name=\"description\" content=\"Parroquia Chican chican azuay chican gad parroquial chican gobierno parroquial chic\u00e1n\" \/>\n<meta name=\"robots\" content=\"index, follow, max-snippet:-1, max-image-preview:large, max-video-preview:-1\" \/>\n<link rel=\"canonical\" href=\"https:\/\/gobiernoparroquialdechican.gob.ec\/azuay\/contactenos\/\" \/>\n<meta property=\"og:locale\" content=\"es_ES\" \/>\n<meta property=\"og:type\" content=\"article\" \/>\n<meta property=\"og:title\" content=\"Cont\u00e1ctenos - GAD parroquial Chic\u00e1n\" \/>\n<meta property=\"og:description\" content=\"Parroquia Chican chican azuay chican gad parroquial chican gobierno parroquial chic\u00e1n\" \/>\n<meta property=\"og:url\" content=\"https:\/\/gobiernoparroquialdechican.gob.ec\/azuay\/contactenos\/\" \/>\n<meta property=\"og:site_name\" content=\"GAD parroquial Chic\u00e1n\" \/>\n<meta property=\"article:modified_time\" content=\"2023-04-17T16:42:34+00:00\" \/>\n<meta property=\"og:image\" content=\"https:\/\/gobiernoparroquialdechican.gob.ec\/azuay\/wp-content\/uploads\/2020\/06\/logoFooter-Recuperado.png\" \/>\n<meta name=\"twitter:card\" content=\"summary_large_image\" \/>\n<script type=\"application\/ld+json\" class=\"yoast-schema-graph\">{\"@context\":\"https:\/\/schema.org\",\"@graph\":[{\"@type\":\"WebPage\",\"@id\":\"https:\/\/gobiernoparroquialdechican.gob.ec\/azuay\/contactenos\/\",\"url\":\"https:\/\/gobiernoparroquialdechican.gob.ec\/azuay\/contactenos\/\",\"name\":\"Cont\u00e1ctenos - GAD parroquial Chic\u00e1n\",\"isPartOf\":{\"@id\":\"https:\/\/gobiernoparroquialdechican.gob.ec\/azuay\/#website\"},\"primaryImageOfPage\":{\"@id\":\"https:\/\/gobiernoparroquialdechican.gob.ec\/azuay\/contactenos\/#primaryimage\"},\"image\":{\"@id\":\"https:\/\/gobiernoparroquialdechican.gob.ec\/azuay\/contactenos\/#primaryimage\"},\"thumbnailUrl\":\"https:\/\/gobiernoparroquialdechican.gob.ec\/azuay\/wp-content\/uploads\/2020\/06\/logoFooter-Recuperado.png\",\"datePublished\":\"2014-10-24T02:12:28+00:00\",\"dateModified\":\"2023-04-17T16:42:34+00:00\",\"description\":\"Parroquia Chican chican azuay chican gad parroquial chican gobierno parroquial chic\u00e1n\",\"breadcrumb\":{\"@id\":\"https:\/\/gobiernoparroquialdechican.gob.ec\/azuay\/contactenos\/#breadcrumb\"},\"inLanguage\":\"es\",\"potentialAction\":[{\"@type\":\"ReadAction\",\"target\":[\"https:\/\/gobiernoparroquialdechican.gob.ec\/azuay\/contactenos\/\"]}]},{\"@type\":\"ImageObject\",\"inLanguage\":\"es\",\"@id\":\"https:\/\/gobiernoparroquialdechican.gob.ec\/azuay\/contactenos\/#primaryimage\",\"url\":\"https:\/\/gobiernoparroquialdechican.gob.ec\/azuay\/wp-content\/uploads\/2020\/06\/logoFooter-Recuperado.png\",\"contentUrl\":\"https:\/\/gobiernoparroquialdechican.gob.ec\/azuay\/wp-content\/uploads\/2020\/06\/logoFooter-Recuperado.png\",\"width\":200,\"height\":150},{\"@type\":\"BreadcrumbList\",\"@id\":\"https:\/\/gobiernoparroquialdechican.gob.ec\/azuay\/contactenos\/#breadcrumb\",\"itemListElement\":[{\"@type\":\"ListItem\",\"position\":1,\"name\":\"Home\",\"item\":\"https:\/\/gobiernoparroquialdechican.gob.ec\/azuay\/\"},{\"@type\":\"ListItem\",\"position\":2,\"name\":\"Cont\u00e1ctenos\"}]},{\"@type\":\"WebSite\",\"@id\":\"https:\/\/gobiernoparroquialdechican.gob.ec\/azuay\/#website\",\"url\":\"https:\/\/gobiernoparroquialdechican.gob.ec\/azuay\/\",\"name\":\"GAD parroquial Chic\u00e1n\",\"description\":\"Sitio Oficial del GAD Parroquial Chic\u00e1n Azuay\",\"potentialAction\":[{\"@type\":\"SearchAction\",\"target\":{\"@type\":\"EntryPoint\",\"urlTemplate\":\"https:\/\/gobiernoparroquialdechican.gob.ec\/azuay\/?s={search_term_string}\"},\"query-input\":{\"@type\":\"PropertyValueSpecification\",\"valueRequired\":true,\"valueName\":\"search_term_string\"}}],\"inLanguage\":\"es\"}]}<\/script>\n<!-- \/ Yoast SEO plugin. -->","yoast_head_json":{"title":"Cont\u00e1ctenos - GAD parroquial Chic\u00e1n","description":"Parroquia Chican chican azuay chican gad parroquial chican gobierno parroquial chic\u00e1n","robots":{"index":"index","follow":"follow","max-snippet":"max-snippet:-1","max-image-preview":"max-image-preview:large","max-video-preview":"max-video-preview:-1"},"canonical":"https:\/\/gobiernoparroquialdechican.gob.ec\/azuay\/contactenos\/","og_locale":"es_ES","og_type":"article","og_title":"Cont\u00e1ctenos - GAD parroquial Chic\u00e1n","og_description":"Parroquia Chican chican azuay chican gad parroquial chican gobierno parroquial chic\u00e1n","og_url":"https:\/\/gobiernoparroquialdechican.gob.ec\/azuay\/contactenos\/","og_site_name":"GAD parroquial Chic\u00e1n","article_modified_time":"2023-04-17T16:42:34+00:00","og_image":[{"url":"https:\/\/gobiernoparroquialdechican.gob.ec\/azuay\/wp-content\/uploads\/2020\/06\/logoFooter-Recuperado.png","type":"","width":"","height":""}],"twitter_card":"summary_large_image","schema":{"@context":"https:\/\/schema.org","@graph":[{"@type":"WebPage","@id":"https:\/\/gobiernoparroquialdechican.gob.ec\/azuay\/contactenos\/","url":"https:\/\/gobiernoparroquialdechican.gob.ec\/azuay\/contactenos\/","name":"Cont\u00e1ctenos - GAD parroquial Chic\u00e1n","isPartOf":{"@id":"https:\/\/gobiernoparroquialdechican.gob.ec\/azuay\/#website"},"primaryImageOfPage":{"@id":"https:\/\/gobiernoparroquialdechican.gob.ec\/azuay\/contactenos\/#primaryimage"},"image":{"@id":"https:\/\/gobiernoparroquialdechican.gob.ec\/azuay\/contactenos\/#primaryimage"},"thumbnailUrl":"https:\/\/gobiernoparroquialdechican.gob.ec\/azuay\/wp-content\/uploads\/2020\/06\/logoFooter-Recuperado.png","datePublished":"2014-10-24T02:12:28+00:00","dateModified":"2023-04-17T16:42:34+00:00","description":"Parroquia Chican chican azuay chican gad parroquial chican gobierno parroquial chic\u00e1n","breadcrumb":{"@id":"https:\/\/gobiernoparroquialdechican.gob.ec\/azuay\/contactenos\/#breadcrumb"},"inLanguage":"es","potentialAction":[{"@type":"ReadAction","target":["https:\/\/gobiernoparroquialdechican.gob.ec\/azuay\/contactenos\/"]}]},{"@type":"ImageObject","inLanguage":"es","@id":"https:\/\/gobiernoparroquialdechican.gob.ec\/azuay\/contactenos\/#primaryimage","url":"https:\/\/gobiernoparroquialdechican.gob.ec\/azuay\/wp-content\/uploads\/2020\/06\/logoFooter-Recuperado.png","contentUrl":"https:\/\/gobiernoparroquialdechican.gob.ec\/azuay\/wp-content\/uploads\/2020\/06\/logoFooter-Recuperado.png","width":200,"height":150},{"@type":"BreadcrumbList","@id":"https:\/\/gobiernoparroquialdechican.gob.ec\/azuay\/contactenos\/#breadcrumb","itemListElement":[{"@type":"ListItem","position":1,"name":"Home","item":"https:\/\/gobiernoparroquialdechican.gob.ec\/azuay\/"},{"@type":"ListItem","position":2,"name":"Cont\u00e1ctenos"}]},{"@type":"WebSite","@id":"https:\/\/gobiernoparroquialdechican.gob.ec\/azuay\/#website","url":"https:\/\/gobiernoparroquialdechican.gob.ec\/azuay\/","name":"GAD parroquial Chic\u00e1n","description":"Sitio Oficial del GAD Parroquial Chic\u00e1n Azuay","potentialAction":[{"@type":"SearchAction","target":{"@type":"EntryPoint","urlTemplate":"https:\/\/gobiernoparroquialdechican.gob.ec\/azuay\/?s={search_term_string}"},"query-input":{"@type":"PropertyValueSpecification","valueRequired":true,"valueName":"search_term_string"}}],"inLanguage":"es"}]}},"_links":{"self":[{"href":"https:\/\/gobiernoparroquialdechican.gob.ec\/azuay\/wp-json\/wp\/v2\/pages\/23","targetHints":{"allow":["GET"]}}],"collection":[{"href":"https:\/\/gobiernoparroquialdechican.gob.ec\/azuay\/wp-json\/wp\/v2\/pages"}],"about":[{"href":"https:\/\/gobiernoparroquialdechican.gob.ec\/azuay\/wp-json\/wp\/v2\/types\/page"}],"author":[{"embeddable":true,"href":"https:\/\/gobiernoparroquialdechican.gob.ec\/azuay\/wp-json\/wp\/v2\/users\/8"}],"replies":[{"embeddable":true,"href":"https:\/\/gobiernoparroquialdechican.gob.ec\/azuay\/wp-json\/wp\/v2\/comments?post=23"}],"version-history":[{"count":11,"href":"https:\/\/gobiernoparroquialdechican.gob.ec\/azuay\/wp-json\/wp\/v2\/pages\/23\/revisions"}],"predecessor-version":[{"id":1527,"href":"https:\/\/gobiernoparroquialdechican.gob.ec\/azuay\/wp-json\/wp\/v2\/pages\/23\/revisions\/1527"}],"wp:attachment":[{"href":"https:\/\/gobiernoparroquialdechican.gob.ec\/azuay\/wp-json\/wp\/v2\/media?parent=23"}],"curies":[{"name":"wp","href":"https:\/\/api.w.org\/{rel}","templated":true}]}}