{"id":1456,"date":"2022-05-25T14:32:40","date_gmt":"2022-05-25T18:32:40","guid":{"rendered":"https:\/\/gobiernoparroquialdechican.gob.ec\/azuay\/?page_id=1456"},"modified":"2022-05-30T15:04:14","modified_gmt":"2022-05-30T19:04:14","slug":"rendicion-de-cuentas-institucional","status":"publish","type":"page","link":"https:\/\/gobiernoparroquialdechican.gob.ec\/azuay\/rendicion-de-cuentas-institucional\/","title":{"rendered":"Rendici\u00f3n de Cuentas Institucional"},"content":{"rendered":"<p>Rendicion de Cuentas 2021 &#8211; Gobierno Aut\u00f3nomo Descentralizado Parroquial de Chic\u00e1n<\/p>\n<p><a href=\"https:\/\/gobiernoparroquialdechican.gob.ec\/azuay\/wp-content\/uploads\/2022\/05\/RENDICION-DE-CUENTAS-INSTITUCIONAL-2021.pdf\">RENDICION DE CUENTAS INSTITUCIONAL 2021<\/a><\/p>\n<p>Formulario de Rendicion de Cuentas 2021<\/p>\n<p><a href=\"https:\/\/gobiernoparroquialdechican.gob.ec\/azuay\/wp-content\/uploads\/2022\/05\/formulario-gad-1.pdf\">formulario-gad (1)<\/a><\/p>\n<p>Consulta Ciudadana<\/p>\n<p><a href=\"https:\/\/gobiernoparroquialdechican.gob.ec\/azuay\/wp-content\/uploads\/2022\/05\/ACTA-CONFORMACION-DEL-EQUIPO-MIXTO-1.pdf\">ACTA CONFORMACION DEL EQUIPO M,IXTO<\/a><\/p>\n<p><a href=\"https:\/\/gobiernoparroquialdechican.gob.ec\/azuay\/wp-content\/uploads\/2022\/05\/Invitacion-Ciudadania-Consulta-Ciudadana.pdf\">Invitacion Ciudadania Consulta Ciudadana<\/a><\/p>\n<p><a href=\"https:\/\/gobiernoparroquialdechican.gob.ec\/azuay\/wp-content\/uploads\/2022\/05\/Invitacion-CONSULTA-CIUDADANA-vocales.pdf\">Invitacion CONSULTA CIUDADANA vocales<\/a><\/p>\n<p><a href=\"https:\/\/gobiernoparroquialdechican.gob.ec\/azuay\/wp-content\/uploads\/2022\/05\/OFICIO-ENTREGA-DE-PREGUNTAS-1.pdf\">OFICIO ENTREGA DE PREGUNTAS<\/a><\/p>\n<p><a href=\"https:\/\/gobiernoparroquialdechican.gob.ec\/azuay\/wp-content\/uploads\/2022\/05\/REGISTRO-DE-ASISTENCIA-FORMULACION-DE-PREGUNTAS.pdf\">REGISTRO DE ASISTENCIA FORMULACION DE PREGUNTAS<\/a><\/p>\n<p><a href=\"https:\/\/gobiernoparroquialdechican.gob.ec\/azuay\/wp-content\/uploads\/2022\/05\/INVITACION-RENDICION-DE-CUENTAS-2021.pdf\">INVITACION RENDICION DE CUENTAS 2021<\/a><\/p>\n<p><a href=\"https:\/\/gobiernoparroquialdechican.gob.ec\/azuay\/wp-content\/uploads\/2022\/05\/ENTREGA-DE-RESPUESTAS.pdf\">ENTREGA DE RESPUESTAS<\/a><\/p>\n<p>Aprobacion de los Informes de Rendicion de Cuentas<\/p>\n<p><a href=\"https:\/\/gobiernoparroquialdechican.gob.ec\/azuay\/wp-content\/uploads\/2022\/05\/047-GADPCH-2022-SESION-ORDINARIA.pdf\">047-GADPCH-2022 SESION ORDINARIA<\/a><\/p>\n","protected":false},"excerpt":{"rendered":"<p>Rendicion de Cuentas 2021 &#8211; Gobierno Aut\u00f3nomo Descentralizado Parroquial de Chic\u00e1n RENDICION DE CUENTAS INSTITUCIONAL 2021 Formulario de Rendicion de Cuentas 2021 formulario-gad (1) Consulta Ciudadana ACTA CONFORMACION DEL EQUIPO M,IXTO Invitacion Ciudadania Consulta Ciudadana Invitacion CONSULTA CIUDADANA vocales OFICIO ENTREGA DE PREGUNTAS REGISTRO DE ASISTENCIA FORMULACION DE PREGUNTAS INVITACION RENDICION DE CUENTAS 2021 ENTREGA [&hellip;]<\/p>\n","protected":false},"author":8,"featured_media":0,"parent":0,"menu_order":0,"comment_status":"closed","ping_status":"closed","template":"","meta":{"footnotes":""},"class_list":["post-1456","page","type-page","status-publish","hentry"],"yoast_head":"<!-- This site is optimized with the Yoast SEO plugin v26.9 - https:\/\/yoast.com\/product\/yoast-seo-wordpress\/ -->\n<title>Rendici\u00f3n de Cuentas Institucional - GAD parroquial Chic\u00e1n<\/title>\n<meta name=\"robots\" content=\"index, follow, max-snippet:-1, max-image-preview:large, max-video-preview:-1\" \/>\n<link rel=\"canonical\" href=\"https:\/\/gobiernoparroquialdechican.gob.ec\/azuay\/rendicion-de-cuentas-institucional\/\" \/>\n<meta property=\"og:locale\" content=\"es_ES\" \/>\n<meta property=\"og:type\" content=\"article\" \/>\n<meta property=\"og:title\" content=\"Rendici\u00f3n de Cuentas Institucional - GAD parroquial Chic\u00e1n\" \/>\n<meta property=\"og:description\" content=\"Rendicion de Cuentas 2021 &#8211; Gobierno Aut\u00f3nomo Descentralizado Parroquial de Chic\u00e1n RENDICION DE CUENTAS INSTITUCIONAL 2021 Formulario de Rendicion de Cuentas 2021 formulario-gad (1) Consulta Ciudadana ACTA CONFORMACION DEL EQUIPO M,IXTO Invitacion Ciudadania Consulta Ciudadana Invitacion CONSULTA CIUDADANA vocales OFICIO ENTREGA DE PREGUNTAS REGISTRO DE ASISTENCIA FORMULACION DE PREGUNTAS INVITACION RENDICION DE CUENTAS 2021 ENTREGA [&hellip;]\" \/>\n<meta property=\"og:url\" content=\"https:\/\/gobiernoparroquialdechican.gob.ec\/azuay\/rendicion-de-cuentas-institucional\/\" \/>\n<meta property=\"og:site_name\" content=\"GAD parroquial Chic\u00e1n\" \/>\n<meta property=\"article:modified_time\" content=\"2022-05-30T19:04:14+00:00\" \/>\n<meta name=\"twitter:card\" content=\"summary_large_image\" \/>\n<meta name=\"twitter:label1\" content=\"Tiempo de lectura\" \/>\n\t<meta name=\"twitter:data1\" content=\"1 minuto\" \/>\n<script type=\"application\/ld+json\" class=\"yoast-schema-graph\">{\"@context\":\"https:\/\/schema.org\",\"@graph\":[{\"@type\":\"WebPage\",\"@id\":\"https:\/\/gobiernoparroquialdechican.gob.ec\/azuay\/rendicion-de-cuentas-institucional\/\",\"url\":\"https:\/\/gobiernoparroquialdechican.gob.ec\/azuay\/rendicion-de-cuentas-institucional\/\",\"name\":\"Rendici\u00f3n de Cuentas Institucional - GAD parroquial Chic\u00e1n\",\"isPartOf\":{\"@id\":\"https:\/\/gobiernoparroquialdechican.gob.ec\/azuay\/#website\"},\"datePublished\":\"2022-05-25T18:32:40+00:00\",\"dateModified\":\"2022-05-30T19:04:14+00:00\",\"breadcrumb\":{\"@id\":\"https:\/\/gobiernoparroquialdechican.gob.ec\/azuay\/rendicion-de-cuentas-institucional\/#breadcrumb\"},\"inLanguage\":\"es\",\"potentialAction\":[{\"@type\":\"ReadAction\",\"target\":[\"https:\/\/gobiernoparroquialdechican.gob.ec\/azuay\/rendicion-de-cuentas-institucional\/\"]}]},{\"@type\":\"BreadcrumbList\",\"@id\":\"https:\/\/gobiernoparroquialdechican.gob.ec\/azuay\/rendicion-de-cuentas-institucional\/#breadcrumb\",\"itemListElement\":[{\"@type\":\"ListItem\",\"position\":1,\"name\":\"Home\",\"item\":\"https:\/\/gobiernoparroquialdechican.gob.ec\/azuay\/\"},{\"@type\":\"ListItem\",\"position\":2,\"name\":\"Rendici\u00f3n de Cuentas Institucional\"}]},{\"@type\":\"WebSite\",\"@id\":\"https:\/\/gobiernoparroquialdechican.gob.ec\/azuay\/#website\",\"url\":\"https:\/\/gobiernoparroquialdechican.gob.ec\/azuay\/\",\"name\":\"GAD parroquial Chic\u00e1n\",\"description\":\"Sitio Oficial del GAD Parroquial Chic\u00e1n Azuay\",\"potentialAction\":[{\"@type\":\"SearchAction\",\"target\":{\"@type\":\"EntryPoint\",\"urlTemplate\":\"https:\/\/gobiernoparroquialdechican.gob.ec\/azuay\/?s={search_term_string}\"},\"query-input\":{\"@type\":\"PropertyValueSpecification\",\"valueRequired\":true,\"valueName\":\"search_term_string\"}}],\"inLanguage\":\"es\"}]}<\/script>\n<!-- \/ Yoast SEO plugin. -->","yoast_head_json":{"title":"Rendici\u00f3n de Cuentas Institucional - GAD parroquial Chic\u00e1n","robots":{"index":"index","follow":"follow","max-snippet":"max-snippet:-1","max-image-preview":"max-image-preview:large","max-video-preview":"max-video-preview:-1"},"canonical":"https:\/\/gobiernoparroquialdechican.gob.ec\/azuay\/rendicion-de-cuentas-institucional\/","og_locale":"es_ES","og_type":"article","og_title":"Rendici\u00f3n de Cuentas Institucional - GAD parroquial Chic\u00e1n","og_description":"Rendicion de Cuentas 2021 &#8211; Gobierno Aut\u00f3nomo Descentralizado Parroquial de Chic\u00e1n RENDICION DE CUENTAS INSTITUCIONAL 2021 Formulario de Rendicion de Cuentas 2021 formulario-gad (1) Consulta Ciudadana ACTA CONFORMACION DEL EQUIPO M,IXTO Invitacion Ciudadania Consulta Ciudadana Invitacion CONSULTA CIUDADANA vocales OFICIO ENTREGA DE PREGUNTAS REGISTRO DE ASISTENCIA FORMULACION DE PREGUNTAS INVITACION RENDICION DE CUENTAS 2021 ENTREGA [&hellip;]","og_url":"https:\/\/gobiernoparroquialdechican.gob.ec\/azuay\/rendicion-de-cuentas-institucional\/","og_site_name":"GAD parroquial Chic\u00e1n","article_modified_time":"2022-05-30T19:04:14+00:00","twitter_card":"summary_large_image","twitter_misc":{"Tiempo de lectura":"1 minuto"},"schema":{"@context":"https:\/\/schema.org","@graph":[{"@type":"WebPage","@id":"https:\/\/gobiernoparroquialdechican.gob.ec\/azuay\/rendicion-de-cuentas-institucional\/","url":"https:\/\/gobiernoparroquialdechican.gob.ec\/azuay\/rendicion-de-cuentas-institucional\/","name":"Rendici\u00f3n de Cuentas Institucional - GAD parroquial Chic\u00e1n","isPartOf":{"@id":"https:\/\/gobiernoparroquialdechican.gob.ec\/azuay\/#website"},"datePublished":"2022-05-25T18:32:40+00:00","dateModified":"2022-05-30T19:04:14+00:00","breadcrumb":{"@id":"https:\/\/gobiernoparroquialdechican.gob.ec\/azuay\/rendicion-de-cuentas-institucional\/#breadcrumb"},"inLanguage":"es","potentialAction":[{"@type":"ReadAction","target":["https:\/\/gobiernoparroquialdechican.gob.ec\/azuay\/rendicion-de-cuentas-institucional\/"]}]},{"@type":"BreadcrumbList","@id":"https:\/\/gobiernoparroquialdechican.gob.ec\/azuay\/rendicion-de-cuentas-institucional\/#breadcrumb","itemListElement":[{"@type":"ListItem","position":1,"name":"Home","item":"https:\/\/gobiernoparroquialdechican.gob.ec\/azuay\/"},{"@type":"ListItem","position":2,"name":"Rendici\u00f3n de Cuentas Institucional"}]},{"@type":"WebSite","@id":"https:\/\/gobiernoparroquialdechican.gob.ec\/azuay\/#website","url":"https:\/\/gobiernoparroquialdechican.gob.ec\/azuay\/","name":"GAD parroquial Chic\u00e1n","description":"Sitio Oficial del GAD Parroquial Chic\u00e1n Azuay","potentialAction":[{"@type":"SearchAction","target":{"@type":"EntryPoint","urlTemplate":"https:\/\/gobiernoparroquialdechican.gob.ec\/azuay\/?s={search_term_string}"},"query-input":{"@type":"PropertyValueSpecification","valueRequired":true,"valueName":"search_term_string"}}],"inLanguage":"es"}]}},"_links":{"self":[{"href":"https:\/\/gobiernoparroquialdechican.gob.ec\/azuay\/wp-json\/wp\/v2\/pages\/1456","targetHints":{"allow":["GET"]}}],"collection":[{"href":"https:\/\/gobiernoparroquialdechican.gob.ec\/azuay\/wp-json\/wp\/v2\/pages"}],"about":[{"href":"https:\/\/gobiernoparroquialdechican.gob.ec\/azuay\/wp-json\/wp\/v2\/types\/page"}],"author":[{"embeddable":true,"href":"https:\/\/gobiernoparroquialdechican.gob.ec\/azuay\/wp-json\/wp\/v2\/users\/8"}],"replies":[{"embeddable":true,"href":"https:\/\/gobiernoparroquialdechican.gob.ec\/azuay\/wp-json\/wp\/v2\/comments?post=1456"}],"version-history":[{"count":8,"href":"https:\/\/gobiernoparroquialdechican.gob.ec\/azuay\/wp-json\/wp\/v2\/pages\/1456\/revisions"}],"predecessor-version":[{"id":1506,"href":"https:\/\/gobiernoparroquialdechican.gob.ec\/azuay\/wp-json\/wp\/v2\/pages\/1456\/revisions\/1506"}],"wp:attachment":[{"href":"https:\/\/gobiernoparroquialdechican.gob.ec\/azuay\/wp-json\/wp\/v2\/media?parent=1456"}],"curies":[{"name":"wp","href":"https:\/\/api.w.org\/{rel}","templated":true}]}}